{"id":6,"date":"2022-02-14T22:48:46","date_gmt":"2022-02-14T22:48:46","guid":{"rendered":"https:\/\/legalaliados.rappi.com\/?page_id=6"},"modified":"2024-07-01T17:31:19","modified_gmt":"2024-07-01T17:31:19","slug":"condiciones-especiales-aliados-comerciales-premium-prepared-foods","status":"publish","type":"page","link":"https:\/\/legalaliados.rappi.com\/?page_id=6","title":{"rendered":"Condiciones Especiales &#8211; Aliados Comerciales Premium &#8211; Prepared Foods"},"content":{"rendered":"\n<ol class=\"wp-block-list\">\n<li><strong>Definiciones:<\/strong><\/li>\n<\/ol>\n\n\n\n<ul class=\"wp-block-list\">\n<li><strong>Establecimientos de Comercio. <\/strong>Se refiere a todos los establecimientos de comercio del Aliado Comercial vinculados a la Plataforma Rappi. <\/li>\n<\/ul>\n\n\n\n<ul class=\"wp-block-list\">\n<li><strong>Index. <\/strong>Listado de las tiendas virtuales de los Aliados Comerciales que exhiben, ofrecen y comercializan sus productos a trav\u00e9s de la secci\u00f3n denominada \u201cRestaurantes\u201d dentro de la Plataforma Rappi.<\/li>\n<\/ul>\n\n\n\n<ul class=\"wp-block-list\">\n<li><strong>Radio de Cobertura. <\/strong>Se refiere al rango de cobertura dentro de la Plataforma Rappi de cada Establecimiento de Comercio del Aliado Comercial.<\/li>\n<\/ul>\n\n\n\n<ul class=\"wp-block-list\">\n<li><strong>Rappi Pro. <\/strong>Corresponde a un programa de fidelizaci\u00f3n opcional para los Usuarios\/Consumidores de la Plataforma Rappi a trav\u00e9s del cual se ofrecen beneficios exclusivos, de conformidad con los t\u00e9rminos y condiciones disponibles en el siguiente enlace: <a href=\"http:\/\/promos.rappi.com\/mexico\/2017\/10\/3\/rappiprime-yz2k2-9s9kg\"><\/a><a href=\"http:\/\/promos.rappi.com\/\">http:\/\/promos.rappi.com\/<\/a>.<\/li>\n<\/ul>\n\n\n\n<p>2. <strong><strong>Condiciones especiales:<\/strong><\/strong><\/p>\n\n\n\n<p>A continuaci\u00f3n se establecen las condiciones especiales que tendr\u00e1n los Aliados Comerciales, que correspondan a Aliados Comerciales Premium:<\/p>\n\n\n\n<ul class=\"wp-block-list\">\n<li><strong>Radio de Cobertura. <\/strong>Los Establecimientos de Comercio de los Aliados Comerciales Premium podr\u00e1n tener un mayor Radio de Cobertura en comparaci\u00f3n con el Radio de Cobertura de otros Aliados Comerciales.<br><br>Sin perjuicio de lo anterior, se aclara que el Radio de Cobertura se encuentra condicionado a las pol\u00edticas balanceo de Rappi, y, al cumplimiento de la demanda por parte del Aliado Comercial.<\/li>\n<\/ul>\n\n\n\n<p><\/p>\n\n\n\n<ul class=\"wp-block-list\">\n<li><strong>Posici\u00f3n en el Index. <\/strong>La tienda virtual del Aliado Comercial se visualizar\u00e1 en una mejor posici\u00f3n dentro del Index en comparaci\u00f3n con los Aliados Comerciales que pertenecen al plan medio.<\/li>\n<\/ul>\n\n\n\n<ul class=\"wp-block-list\">\n<li><strong>Rappi Pro. <\/strong>El Aliado Comercial corresponder\u00e1 a un Aliado Seleccionado para diferentes beneficios de Rappi Pro, incluyendo el beneficio correspondiente al costo de env\u00edo, de conformidad con los t\u00e9rminos y condiciones de dicho programa de fidelizaci\u00f3n.<\/li>\n<\/ul>\n\n\n\n<ul class=\"wp-block-list\">\n<li><strong>Costos\/Tarifas. <\/strong>A los Usuarios\/Consumidores que adquieran Productos de los Establecimientos de Comercio del Aliado Comercial a trav\u00e9s de la Plataforma Rappi se les cobrar\u00e1 una tarifa especial en los valores cobrados para poder realizar la orden, entendi\u00e9ndose que los valores de los mismos ser\u00e1n inferiores a los valores cobrados a los Usuarios\/Consumidores al realizar \u00f3rdenes en tiendas virtuales de Aliados Comerciales que pertenecen al plan medio. &nbsp;<\/li>\n<\/ul>\n","protected":false},"excerpt":{"rendered":"<p>2. Condiciones especiales: A continuaci\u00f3n se establecen las condiciones especiales que tendr\u00e1n los Aliados Comerciales, que correspondan a Aliados Comerciales Premium:<\/p>\n","protected":false},"author":2,"featured_media":0,"parent":0,"menu_order":0,"comment_status":"closed","ping_status":"closed","template":"","meta":{"footnotes":""},"class_list":["post-6","page","type-page","status-publish","hentry"],"_links":{"self":[{"href":"https:\/\/legalaliados.rappi.com\/index.php?rest_route=\/wp\/v2\/pages\/6","targetHints":{"allow":["GET"]}}],"collection":[{"href":"https:\/\/legalaliados.rappi.com\/index.php?rest_route=\/wp\/v2\/pages"}],"about":[{"href":"https:\/\/legalaliados.rappi.com\/index.php?rest_route=\/wp\/v2\/types\/page"}],"author":[{"embeddable":true,"href":"https:\/\/legalaliados.rappi.com\/index.php?rest_route=\/wp\/v2\/users\/2"}],"replies":[{"embeddable":true,"href":"https:\/\/legalaliados.rappi.com\/index.php?rest_route=%2Fwp%2Fv2%2Fcomments&post=6"}],"version-history":[{"count":8,"href":"https:\/\/legalaliados.rappi.com\/index.php?rest_route=\/wp\/v2\/pages\/6\/revisions"}],"predecessor-version":[{"id":971,"href":"https:\/\/legalaliados.rappi.com\/index.php?rest_route=\/wp\/v2\/pages\/6\/revisions\/971"}],"wp:attachment":[{"href":"https:\/\/legalaliados.rappi.com\/index.php?rest_route=%2Fwp%2Fv2%2Fmedia&parent=6"}],"curies":[{"name":"wp","href":"https:\/\/api.w.org\/{rel}","templated":true}]}}